{"id":70,"date":"2023-05-03T11:56:06","date_gmt":"2023-05-03T09:56:06","guid":{"rendered":"https:\/\/greenbizz.brussels\/?page_id=70"},"modified":"2026-02-11T13:31:48","modified_gmt":"2026-02-11T12:31:48","slug":"visites-et-workshops","status":"publish","type":"page","link":"https:\/\/greenbizz.brussels\/fr\/visites-et-workshops\/","title":{"rendered":"Visites guid\u00e9es + workshops"},"content":{"rendered":"<p>[et_pb_section fb_built=&#8221;1&#8243; _builder_version=&#8221;4.20.4&#8243; _module_preset=&#8221;default&#8221; background_color=&#8221;#fbf9f6&#8243; background_image=&#8221;https:\/\/greenbizz.brussels\/wp-content\/uploads\/2023\/05\/Group-39517.svg&#8221; global_colors_info=&#8221;{}&#8221;][et_pb_row column_structure=&#8221;1_2,1_2&#8243; _builder_version=&#8221;4.20.4&#8243; _module_preset=&#8221;default&#8221; min_height=&#8221;625.6px&#8221; custom_margin=&#8221;100px||||false|false&#8221; global_colors_info=&#8221;{}&#8221;][et_pb_column type=&#8221;1_2&#8243; _builder_version=&#8221;4.20.4&#8243; _module_preset=&#8221;default&#8221; global_colors_info=&#8221;{}&#8221;][et_pb_text _builder_version=&#8221;4.21.0&#8243; _module_preset=&#8221;default&#8221; header_font_size=&#8221;56px&#8221; custom_margin=&#8221;164px||||false|false&#8221; header_font_size_tablet=&#8221;56px&#8221; header_font_size_phone=&#8221;40px&#8221; header_font_size_last_edited=&#8221;on|phone&#8221; global_colors_info=&#8221;{}&#8221;]<\/p>\n<h1><span style=\"color: #023627;\"><strong>D\u00e9couvre les visites guid\u00e9es + workshops \u00e0 Greenbizz<\/strong><\/span><\/h1>\n<p>[\/et_pb_text][\/et_pb_column][et_pb_column type=&#8221;1_2&#8243; _builder_version=&#8221;4.20.4&#8243; _module_preset=&#8221;default&#8221; global_colors_info=&#8221;{}&#8221;][et_pb_image src=&#8221;https:\/\/greenbizz.brussels\/wp-content\/uploads\/2023\/05\/Frame-8764.png&#8221; title_text=&#8221;Frame 8764&#8243; _builder_version=&#8221;4.20.4&#8243; _module_preset=&#8221;default&#8221; border_radii=&#8221;on|16px|16px|16px|16px&#8221; global_colors_info=&#8221;{}&#8221;][\/et_pb_image][\/et_pb_column][\/et_pb_row][\/et_pb_section][et_pb_section fb_built=&#8221;1&#8243; _builder_version=&#8221;4.20.4&#8243; _module_preset=&#8221;default&#8221; background_color=&#8221;#fbf9f6&#8243; locked=&#8221;off&#8221; global_colors_info=&#8221;{}&#8221;][et_pb_row column_structure=&#8221;1_2,1_2&#8243; use_custom_gutter=&#8221;on&#8221; gutter_width=&#8221;2&#8243; make_equal=&#8221;on&#8221; _builder_version=&#8221;4.22.2&#8243; _module_preset=&#8221;default&#8221; custom_margin=&#8221;0px||||false|false&#8221; global_colors_info=&#8221;{}&#8221;][et_pb_column type=&#8221;1_2&#8243; _builder_version=&#8221;4.20.4&#8243; _module_preset=&#8221;default&#8221; global_colors_info=&#8221;{}&#8221;][et_pb_text _builder_version=&#8221;4.23&#8243; _module_preset=&#8221;default&#8221; text_font_size=&#8221;36px&#8221; custom_margin=&#8221;||19px|||&#8221; global_colors_info=&#8221;{}&#8221;]<\/p>\n<h4><span style=\"color: #023627;\">Visitez Greenbizz.brussels, l\u00e0 o\u00f9 l&#8217;avenir durable se construit<\/span><\/h4>\n<p>[\/et_pb_text][et_pb_text _builder_version=&#8221;4.23&#8243; _module_preset=&#8221;default&#8221; text_font_size=&#8221;18px&#8221; custom_margin=&#8221;32px||16px||false|false&#8221; global_colors_info=&#8221;{}&#8221;]<\/p>\n<p><span style=\"color: #333333;\">Vous d\u00e9sirez d\u00e9couvrir Greenbizz et ses startups innovantes en \u00e9conomie durable ?<br \/><\/span><\/p>\n<p>Choisissez la formule qui correspond le mieux \u00e0 vos attentes. Chaque visite est con\u00e7ue comme une exp\u00e9rience inspirante, en lien avec vos centres d\u2019int\u00e9r\u00eat.<\/p>\n<p>[\/et_pb_text][et_pb_text _builder_version=&#8221;4.23&#8243; _module_preset=&#8221;default&#8221; text_text_color=&#8221;#281756&#8243; text_font_size=&#8221;18px&#8221; text_letter_spacing=&#8221;1px&#8221; custom_margin=&#8221;64px||||false|false&#8221; custom_padding=&#8221;|0px|||false|false&#8221; global_colors_info=&#8221;{}&#8221;]<\/p>\n<p><img loading=\"lazy\" decoding=\"async\" src=\"https:\/\/greenbizz.brussels\/wp-content\/uploads\/2023\/05\/Frame-47914.svg\" width=\"32\" height=\"23\" alt=\"\" class=\"wp-image-733 alignnone size-medium\" \/> Visites sur r\u00e9servation<br data-start=\"604\" data-end=\"607\" \/><img decoding=\"async\" src=\"https:\/\/greenbizz.brussels\/wp-content\/uploads\/2023\/05\/Frame-47914.svg\" \/> Groupes jusqu\u2019\u00e0 20 personnes<br \/><img decoding=\"async\" src=\"https:\/\/greenbizz.brussels\/wp-content\/uploads\/2023\/05\/Frame-47914.svg\" \/> Visitez Greenbizz seul ou combinez votre parcours avec une ou plusieurs startups incub\u00e9es<\/p>\n<p data-start=\"835\" data-end=\"948\"><span style=\"color: #f1823a;\">Tarif \u00e0 partir de 100\u20ac HTVA pour la visite de Greenbizz uniquement<\/span><\/p>\n<p>Pr\u00eat \u00e0 organiser votre visite ?<br \/><span style=\"color: #808080;\">Compl\u00e9tez le formulaire de r\u00e9servation ou contactez nous pour une visite sur mesure.<\/span><\/p>\n<p>[\/et_pb_text][et_pb_text _builder_version=&#8221;4.23&#8243; _module_preset=&#8221;default&#8221; text_font_size=&#8221;13px&#8221; text_line_height=&#8221;1.4em&#8221; custom_margin=&#8221;32px||20px||false|false&#8221; locked=&#8221;off&#8221; global_colors_info=&#8221;{}&#8221;]<\/p>\n<p><span style=\"color: #333333;\">Les visites sont possibles sous r\u00e9serve de certaines conditions. Greenbizz se r\u00e9serve le droit de refuser des demandes de visites pour des questions d\u2019agenda ou d\u2019organisation interne.<\/span><\/p>\n<p>[\/et_pb_text][\/et_pb_column][et_pb_column type=&#8221;1_2&#8243; _builder_version=&#8221;4.20.4&#8243; _module_preset=&#8221;default&#8221; global_colors_info=&#8221;{}&#8221;][et_pb_image src=&#8221;https:\/\/greenbizz.brussels\/wp-content\/uploads\/2023\/05\/Frame-47906-4.png&#8221; title_text=&#8221;Frame 47906&#8243; _builder_version=&#8221;4.20.4&#8243; _module_preset=&#8221;default&#8221; custom_margin=&#8221;|||32px|false|false&#8221; global_colors_info=&#8221;{}&#8221;][\/et_pb_image][et_pb_image src=&#8221;https:\/\/greenbizz.brussels\/wp-content\/uploads\/2023\/05\/Frame-47905-4.png&#8221; title_text=&#8221;Frame 47905&#8243; _builder_version=&#8221;4.20.4&#8243; _module_preset=&#8221;default&#8221; custom_margin=&#8221;|||32px|false|false&#8221; global_colors_info=&#8221;{}&#8221;][\/et_pb_image][\/et_pb_column][\/et_pb_row][et_pb_row column_structure=&#8221;1_2,1_2&#8243; _builder_version=&#8221;4.22.2&#8243; _module_preset=&#8221;default&#8221; custom_margin=&#8221;-40px||||false|false&#8221; locked=&#8221;off&#8221; global_colors_info=&#8221;{}&#8221;][et_pb_column type=&#8221;1_2&#8243; _builder_version=&#8221;4.20.4&#8243; _module_preset=&#8221;default&#8221; global_colors_info=&#8221;{}&#8221;][et_pb_button button_url=&#8221;https:\/\/greenbizz.brussels\/wp-content\/uploads\/2026\/02\/BROCHU1-1.pdf&#8221; url_new_window=&#8221;on&#8221; button_text=&#8221;Lire la brochure&#8221; button_alignment=&#8221;left&#8221; _builder_version=&#8221;4.23&#8243; _module_preset=&#8221;default&#8221; custom_button=&#8221;on&#8221; button_text_size=&#8221;18px&#8221; button_text_color=&#8221;#077253&#8243; button_bg_color=&#8221;#FAF5F2&#8243; button_border_color=&#8221;#077253&#8243; button_border_radius=&#8221;8px&#8221; button_font=&#8221;Syne|500|||||||&#8221; button_use_icon=&#8221;off&#8221; custom_margin=&#8221;1px|16px|16px|-2px|false|false&#8221; custom_margin_tablet=&#8221;1px|16px|16px|-2px|false|false&#8221; custom_margin_phone=&#8221;32px|16px|16px|-2px|false|false&#8221; custom_margin_last_edited=&#8221;on|phone&#8221; custom_padding=&#8221;16px|42px|16px|42px|true|false&#8221; button_font_last_edited=&#8221;off|desktop&#8221; locked=&#8221;off&#8221; global_colors_info=&#8221;{}&#8221; button_bg_color__hover_enabled=&#8221;on|desktop&#8221; button_bg_color__hover=&#8221;#085640&#8243; button_bg_enable_color__hover=&#8221;on&#8221; transform_styles__hover_enabled=&#8221;on|desktop&#8221; transform_scale__hover_enabled=&#8221;on|desktop&#8221; transform_translate__hover_enabled=&#8221;on|hover&#8221; transform_rotate__hover_enabled=&#8221;on|hover&#8221; transform_skew__hover_enabled=&#8221;on|hover&#8221; transform_origin__hover_enabled=&#8221;on|hover&#8221; transform_scale__hover=&#8221;105%|105%&#8221; button_text_color__hover_enabled=&#8221;on|desktop&#8221; button_text_color__hover=&#8221;#f8f2ed&#8221;][\/et_pb_button][\/et_pb_column][et_pb_column type=&#8221;1_2&#8243; _builder_version=&#8221;4.20.4&#8243; _module_preset=&#8221;default&#8221; global_colors_info=&#8221;{}&#8221;][\/et_pb_column][\/et_pb_row][\/et_pb_section]<\/p>\n","protected":false},"excerpt":{"rendered":"<p>D\u00e9couvre les visites guid\u00e9es + workshops \u00e0 GreenbizzVisitez Greenbizz.brussels, l\u00e0 o\u00f9 l&#8217;avenir durable se construitVous d\u00e9sirez d\u00e9couvrir Greenbizz et ses startups innovantes en \u00e9conomie durable ? Choisissez la formule qui correspond le mieux \u00e0 vos attentes. Chaque visite est con\u00e7ue comme une exp\u00e9rience inspirante, en lien avec vos centres d\u2019int\u00e9r\u00eat. Visites sur r\u00e9servation Groupes jusqu\u2019\u00e0 [&hellip;]<\/p>\n","protected":false},"author":1,"featured_media":5565,"parent":0,"menu_order":0,"comment_status":"closed","ping_status":"closed","template":"","meta":{"_et_pb_use_builder":"on","_et_pb_old_content":"<!-- wp:divi\/placeholder \/-->","_et_gb_content_width":"","inline_featured_image":false,"footnotes":""},"class_list":["post-70","page","type-page","status-publish","has-post-thumbnail","hentry"],"yoast_head":"<!-- This site is optimized with the Yoast SEO plugin v21.3 - https:\/\/yoast.com\/wordpress\/plugins\/seo\/ -->\n<title>Visites guid\u00e9es + workshops - Greenbizz Where sustainable business grows<\/title>\n<meta name=\"description\" content=\"Vous d\u00e9sirez d\u00e9couvrir Greenbizz et ses startups innovantes en \u00e9conomie durable ? Greenbizz.brussels organise des visites guid\u00e9es.\" \/>\n<meta name=\"robots\" content=\"index, follow, max-snippet:-1, max-image-preview:large, max-video-preview:-1\" \/>\n<link rel=\"canonical\" href=\"https:\/\/greenbizz.brussels\/fr\/visites-et-workshops\/\" \/>\n<meta property=\"og:locale\" content=\"fr_FR\" \/>\n<meta property=\"og:type\" content=\"article\" \/>\n<meta property=\"og:title\" content=\"Visites guid\u00e9es + workshops - Greenbizz Where sustainable business grows\" \/>\n<meta property=\"og:description\" content=\"Vous d\u00e9sirez d\u00e9couvrir Greenbizz et ses startups innovantes en \u00e9conomie durable ? Greenbizz.brussels organise des visites guid\u00e9es.\" \/>\n<meta property=\"og:url\" content=\"https:\/\/greenbizz.brussels\/fr\/visites-et-workshops\/\" \/>\n<meta property=\"og:site_name\" content=\"Greenbizz\" \/>\n<meta property=\"article:publisher\" content=\"https:\/\/www.facebook.com\/greenbizzbrussels\/\" \/>\n<meta property=\"article:modified_time\" content=\"2026-02-11T12:31:48+00:00\" \/>\n<meta property=\"og:image\" content=\"https:\/\/greenbizz.brussels\/wp-content\/uploads\/2023\/05\/Atelier_Galery_4.jpg\" \/>\n\t<meta property=\"og:image:width\" content=\"1000\" \/>\n\t<meta property=\"og:image:height\" content=\"667\" \/>\n\t<meta property=\"og:image:type\" content=\"image\/jpeg\" \/>\n<meta name=\"twitter:card\" content=\"summary_large_image\" \/>\n<meta name=\"twitter:label1\" content=\"Dur\u00e9e de lecture estim\u00e9e\" \/>\n\t<meta name=\"twitter:data1\" content=\"3 minutes\" \/>\n<script type=\"application\/ld+json\" class=\"yoast-schema-graph\">{\"@context\":\"https:\/\/schema.org\",\"@graph\":[{\"@type\":\"WebPage\",\"@id\":\"https:\/\/greenbizz.brussels\/fr\/visites-et-workshops\/\",\"url\":\"https:\/\/greenbizz.brussels\/fr\/visites-et-workshops\/\",\"name\":\"Visites guid\u00e9es + workshops - Greenbizz Where sustainable business grows\",\"isPartOf\":{\"@id\":\"https:\/\/greenbizz.brussels\/fr\/#website\"},\"datePublished\":\"2023-05-03T09:56:06+00:00\",\"dateModified\":\"2026-02-11T12:31:48+00:00\",\"description\":\"Vous d\u00e9sirez d\u00e9couvrir Greenbizz et ses startups innovantes en \u00e9conomie durable ? Greenbizz.brussels organise des visites guid\u00e9es.\",\"breadcrumb\":{\"@id\":\"https:\/\/greenbizz.brussels\/fr\/visites-et-workshops\/#breadcrumb\"},\"inLanguage\":\"fr-FR\",\"potentialAction\":[{\"@type\":\"ReadAction\",\"target\":[\"https:\/\/greenbizz.brussels\/fr\/visites-et-workshops\/\"]}]},{\"@type\":\"BreadcrumbList\",\"@id\":\"https:\/\/greenbizz.brussels\/fr\/visites-et-workshops\/#breadcrumb\",\"itemListElement\":[{\"@type\":\"ListItem\",\"position\":1,\"name\":\"Accueil\",\"item\":\"https:\/\/greenbizz.brussels\/fr\/\"},{\"@type\":\"ListItem\",\"position\":2,\"name\":\"Visites guid\u00e9es + workshops\"}]},{\"@type\":\"WebSite\",\"@id\":\"https:\/\/greenbizz.brussels\/fr\/#website\",\"url\":\"https:\/\/greenbizz.brussels\/fr\/\",\"name\":\"Greenbizz \u2013 le All-in-One pour ton initiative durable\",\"description\":\"Where sustainable business grows\",\"publisher\":{\"@id\":\"https:\/\/greenbizz.brussels\/fr\/#organization\"},\"potentialAction\":[{\"@type\":\"SearchAction\",\"target\":{\"@type\":\"EntryPoint\",\"urlTemplate\":\"https:\/\/greenbizz.brussels\/fr\/?s={search_term_string}\"},\"query-input\":\"required name=search_term_string\"}],\"inLanguage\":\"fr-FR\"},{\"@type\":\"Organization\",\"@id\":\"https:\/\/greenbizz.brussels\/fr\/#organization\",\"name\":\"Greenbizz.brussels\",\"url\":\"https:\/\/greenbizz.brussels\/fr\/\",\"logo\":{\"@type\":\"ImageObject\",\"inLanguage\":\"fr-FR\",\"@id\":\"https:\/\/greenbizz.brussels\/fr\/#\/schema\/logo\/image\/\",\"url\":\"https:\/\/greenbizz.brussels\/wp-content\/uploads\/2023\/05\/GREENBIZZ_SVG.svg\",\"contentUrl\":\"https:\/\/greenbizz.brussels\/wp-content\/uploads\/2023\/05\/GREENBIZZ_SVG.svg\",\"width\":\"1024\",\"height\":\"1024\",\"caption\":\"Greenbizz.brussels\"},\"image\":{\"@id\":\"https:\/\/greenbizz.brussels\/fr\/#\/schema\/logo\/image\/\"},\"sameAs\":[\"https:\/\/www.facebook.com\/greenbizzbrussels\/\",\"https:\/\/www.instagram.com\/greenbizz.brussels\/\"]}]}<\/script>\n<!-- \/ Yoast SEO plugin. -->","yoast_head_json":{"title":"Visites guid\u00e9es + workshops - Greenbizz Where sustainable business grows","description":"Vous d\u00e9sirez d\u00e9couvrir Greenbizz et ses startups innovantes en \u00e9conomie durable ? Greenbizz.brussels organise des visites guid\u00e9es.","robots":{"index":"index","follow":"follow","max-snippet":"max-snippet:-1","max-image-preview":"max-image-preview:large","max-video-preview":"max-video-preview:-1"},"canonical":"https:\/\/greenbizz.brussels\/fr\/visites-et-workshops\/","og_locale":"fr_FR","og_type":"article","og_title":"Visites guid\u00e9es + workshops - Greenbizz Where sustainable business grows","og_description":"Vous d\u00e9sirez d\u00e9couvrir Greenbizz et ses startups innovantes en \u00e9conomie durable ? Greenbizz.brussels organise des visites guid\u00e9es.","og_url":"https:\/\/greenbizz.brussels\/fr\/visites-et-workshops\/","og_site_name":"Greenbizz","article_publisher":"https:\/\/www.facebook.com\/greenbizzbrussels\/","article_modified_time":"2026-02-11T12:31:48+00:00","og_image":[{"width":1000,"height":667,"url":"https:\/\/greenbizz.brussels\/wp-content\/uploads\/2023\/05\/Atelier_Galery_4.jpg","type":"image\/jpeg"}],"twitter_card":"summary_large_image","twitter_misc":{"Dur\u00e9e de lecture estim\u00e9e":"3 minutes"},"schema":{"@context":"https:\/\/schema.org","@graph":[{"@type":"WebPage","@id":"https:\/\/greenbizz.brussels\/fr\/visites-et-workshops\/","url":"https:\/\/greenbizz.brussels\/fr\/visites-et-workshops\/","name":"Visites guid\u00e9es + workshops - Greenbizz Where sustainable business grows","isPartOf":{"@id":"https:\/\/greenbizz.brussels\/fr\/#website"},"datePublished":"2023-05-03T09:56:06+00:00","dateModified":"2026-02-11T12:31:48+00:00","description":"Vous d\u00e9sirez d\u00e9couvrir Greenbizz et ses startups innovantes en \u00e9conomie durable ? Greenbizz.brussels organise des visites guid\u00e9es.","breadcrumb":{"@id":"https:\/\/greenbizz.brussels\/fr\/visites-et-workshops\/#breadcrumb"},"inLanguage":"fr-FR","potentialAction":[{"@type":"ReadAction","target":["https:\/\/greenbizz.brussels\/fr\/visites-et-workshops\/"]}]},{"@type":"BreadcrumbList","@id":"https:\/\/greenbizz.brussels\/fr\/visites-et-workshops\/#breadcrumb","itemListElement":[{"@type":"ListItem","position":1,"name":"Accueil","item":"https:\/\/greenbizz.brussels\/fr\/"},{"@type":"ListItem","position":2,"name":"Visites guid\u00e9es + workshops"}]},{"@type":"WebSite","@id":"https:\/\/greenbizz.brussels\/fr\/#website","url":"https:\/\/greenbizz.brussels\/fr\/","name":"Greenbizz \u2013 le All-in-One pour ton initiative durable","description":"Where sustainable business grows","publisher":{"@id":"https:\/\/greenbizz.brussels\/fr\/#organization"},"potentialAction":[{"@type":"SearchAction","target":{"@type":"EntryPoint","urlTemplate":"https:\/\/greenbizz.brussels\/fr\/?s={search_term_string}"},"query-input":"required name=search_term_string"}],"inLanguage":"fr-FR"},{"@type":"Organization","@id":"https:\/\/greenbizz.brussels\/fr\/#organization","name":"Greenbizz.brussels","url":"https:\/\/greenbizz.brussels\/fr\/","logo":{"@type":"ImageObject","inLanguage":"fr-FR","@id":"https:\/\/greenbizz.brussels\/fr\/#\/schema\/logo\/image\/","url":"https:\/\/greenbizz.brussels\/wp-content\/uploads\/2023\/05\/GREENBIZZ_SVG.svg","contentUrl":"https:\/\/greenbizz.brussels\/wp-content\/uploads\/2023\/05\/GREENBIZZ_SVG.svg","width":"1024","height":"1024","caption":"Greenbizz.brussels"},"image":{"@id":"https:\/\/greenbizz.brussels\/fr\/#\/schema\/logo\/image\/"},"sameAs":["https:\/\/www.facebook.com\/greenbizzbrussels\/","https:\/\/www.instagram.com\/greenbizz.brussels\/"]}]}},"_links":{"self":[{"href":"https:\/\/greenbizz.brussels\/fr\/wp-json\/wp\/v2\/pages\/70","targetHints":{"allow":["GET"]}}],"collection":[{"href":"https:\/\/greenbizz.brussels\/fr\/wp-json\/wp\/v2\/pages"}],"about":[{"href":"https:\/\/greenbizz.brussels\/fr\/wp-json\/wp\/v2\/types\/page"}],"author":[{"embeddable":true,"href":"https:\/\/greenbizz.brussels\/fr\/wp-json\/wp\/v2\/users\/1"}],"replies":[{"embeddable":true,"href":"https:\/\/greenbizz.brussels\/fr\/wp-json\/wp\/v2\/comments?post=70"}],"version-history":[{"count":14,"href":"https:\/\/greenbizz.brussels\/fr\/wp-json\/wp\/v2\/pages\/70\/revisions"}],"predecessor-version":[{"id":237040,"href":"https:\/\/greenbizz.brussels\/fr\/wp-json\/wp\/v2\/pages\/70\/revisions\/237040"}],"wp:featuredmedia":[{"embeddable":true,"href":"https:\/\/greenbizz.brussels\/fr\/wp-json\/wp\/v2\/media\/5565"}],"wp:attachment":[{"href":"https:\/\/greenbizz.brussels\/fr\/wp-json\/wp\/v2\/media?parent=70"}],"curies":[{"name":"wp","href":"https:\/\/api.w.org\/{rel}","templated":true}]}}