{"id":2929,"date":"2023-05-30T12:46:04","date_gmt":"2023-05-30T10:46:04","guid":{"rendered":"https:\/\/greenbizz.brussels\/?page_id=2929"},"modified":"2023-09-21T13:49:00","modified_gmt":"2023-09-21T11:49:00","slug":"privacy","status":"publish","type":"page","link":"https:\/\/greenbizz.brussels\/fr\/privacy\/","title":{"rendered":"Charte vie priv\u00e9e et cookies"},"content":{"rendered":"<p>[et_pb_section fb_built=&#8221;1&#8243; _builder_version=&#8221;4.21.0&#8243; _module_preset=&#8221;default&#8221; background_color=&#8221;#FAF5F2&#8243; global_colors_info=&#8221;{}&#8221;][et_pb_row admin_label=&#8221;Ligne: FAQ&#8221; _builder_version=&#8221;4.21.0&#8243; _module_preset=&#8221;default&#8221; custom_padding=&#8221;144px||||false|false&#8221; locked=&#8221;off&#8221; global_colors_info=&#8221;{}&#8221;][et_pb_column type=&#8221;4_4&#8243; _builder_version=&#8221;4.20.4&#8243; _module_preset=&#8221;default&#8221; global_colors_info=&#8221;{}&#8221;][et_pb_text _builder_version=&#8221;4.21.0&#8243; _dynamic_attributes=&#8221;content&#8221; _module_preset=&#8221;default&#8221; text_font=&#8221;|700|||||||&#8221; text_text_color=&#8221;#023627&#8243; text_font_size=&#8221;46px&#8221; header_3_text_color=&#8221;#023627&#8243; text_orientation=&#8221;center&#8221; global_colors_info=&#8221;{}&#8221;]@ET-DC@eyJkeW5hbWljIjp0cnVlLCJjb250ZW50IjoicG9zdF90aXRsZSIsInNldHRpbmdzIjp7ImJlZm9yZSI6IiIsImFmdGVyIjoiIn19@[\/et_pb_text][\/et_pb_column][\/et_pb_row][et_pb_row _builder_version=&#8221;4.21.0&#8243; _module_preset=&#8221;default&#8221; global_colors_info=&#8221;{}&#8221;][et_pb_column type=&#8221;4_4&#8243; _builder_version=&#8221;4.21.0&#8243; _module_preset=&#8221;default&#8221; global_colors_info=&#8221;{}&#8221;][et_pb_text _builder_version=&#8221;4.21.2&#8243; _module_preset=&#8221;default&#8221; text_text_color=&#8221;#020F0A&#8221; header_3_font_size=&#8221;20px&#8221; header_3_text_color=&#8221;#684CB7&#8243; hover_enabled=&#8221;0&#8243; sticky_enabled=&#8221;0&#8243;]<\/p>\n<p><strong>La protection de votre vie priv\u00e9e est une priorit\u00e9 pour nous.<\/strong> \u00c0 cet \u00e9gard, nous nous engageons \u00e0 prot\u00e9ger les donn\u00e9es personnelles de nos utilisateurs en ligne et \u00e0 les traiter avec le plus grand soin, conform\u00e9ment \u00e0 la l\u00e9gislation en vigueur.<\/p>\n<h3>Informations g\u00e9n\u00e9rales<\/h3>\n<p>Nous utilisons Fathom, un outil d&#8217;analyse de site web ax\u00e9 sur la confidentialit\u00e9, pour collecter des donn\u00e9es statistiques sur l&#8217;utilisation de notre site. Contrairement aux cookies, Fathom ne collecte pas de donn\u00e9es personnelles et respecte la vie priv\u00e9e de nos utilisateurs.<\/p>\n<h3>Types de donn\u00e9es collect\u00e9es<\/h3>\n<p>Avec Fathom, nous collectons des donn\u00e9es anonymes pour comprendre comment les utilisateurs interagissent avec notre site. Ces donn\u00e9es nous aident \u00e0 am\u00e9liorer l&#8217;exp\u00e9rience utilisateur.<\/p>\n<h3>Dur\u00e9e de conservation des donn\u00e9es<\/h3>\n<p>Les donn\u00e9es collect\u00e9es par Fathom sont conserv\u00e9es pendant une p\u00e9riode maximale de 13 mois.<\/p>\n<h3>Gestion des donn\u00e9es<\/h3>\n<p>Vous n&#8217;avez pas besoin de d\u00e9sactiver quoi que ce soit pour emp\u00eacher le suivi par Fathom. Si vous avez des questions ou des pr\u00e9occupations concernant la gestion de vos donn\u00e9es, vous pouvez nous contacter \u00e0 l&#8217;adresse email suivante : info@greenbizz.brussels<\/p>\n<h3>Mise \u00e0 jour<\/h3>\n<p>Nous pouvons \u00eatre amen\u00e9\u00b7e\u00b7s \u00e0 mettre \u00e0 jour notre politique de vie priv\u00e9e \u00e0 tout moment. Nous vous recommandons donc de la consulter r\u00e9guli\u00e8rement.<\/p>\n<p>[\/et_pb_text][et_pb_text _builder_version=&#8221;4.21.2&#8243; _module_preset=&#8221;default&#8221; text_text_color=&#8221;#020F0A&#8221; header_3_font_size=&#8221;20px&#8221; header_3_text_color=&#8221;#684CB7&#8243; hover_enabled=&#8221;0&#8243; sticky_enabled=&#8221;0&#8243; header_2_text_color=&#8221;#684CB7&#8243;]<\/p>\n<h2>Politique en mati\u00e8re de vie priv\u00e9e<\/h2>\n<p><strong>Lorsque vous manifestez de l\u2019int\u00e9r\u00eat pour nos services ou lorsque vous nous louez un espace ou faites appel \u00e0 nos services, nous traitons des donn\u00e9es \u00e0 caract\u00e8re personnel qui vous concernent.<\/strong><br \/><strong>Nous accordons une importance toute particuli\u00e8re \u00e0 la protection de vos donn\u00e9es. C\u2019est pourquoi nous avons r\u00e9dig\u00e9 cette politique en mati\u00e8re de vie priv\u00e9e pour vous expliquer notamment quelles donn\u00e9es sont trait\u00e9es et \u00e0 quelles fins.<\/strong><\/p>\n<p>&nbsp;<\/p>\n<p>TABLE DES MATIERES<\/p>\n<p>A. DROIT APPLICABLE ET RESPONSABLE DE TRAITEMENT<\/p>\n<p>\u2028B. CATEGORIES DE DONNEES<\/p>\n<p>\u2028C. FINALITES DU TRAITEMENT<\/p>\n<p>\u2028D. COOKIES<\/p>\n<p>\u2028E. DESTINATAIRES DES DONNEES\u2028<\/p>\n<p>F. DROIT A L\u2019IMAGE\u2028<\/p>\n<p>G. DUREE DE CONSERVATION\u2028<\/p>\n<p>H. MISE A JOUR DES DONNEES<\/p>\n<p>\u2028I. PROTECTION DES DONNEES\u2028<\/p>\n<p>J. VOS DROITS\u2028<\/p>\n<p>K. QUESTIONS<\/p>\n<p>\u2028L. MODIFICATIONS<\/p>\n<p>A. DROIT APPLICABLE ET RESPONSABLE DE TRAITEMENT<\/p>\n<p>\u2028Nous garantissons que vos donn\u00e9es \u00e0 caract\u00e8re personnel sont trait\u00e9es dans le respect de la l\u00e9gislation applicable en mati\u00e8re de protection des donn\u00e9es (R\u00e8glement (UE) 2016\/679 du Parlement europ\u00e9en et du Conseil du 27 avril 2016 relatif \u00e0 la protection des personnes physiques \u00e0 l\u2019\u00e9gard du traitement des donn\u00e9es \u00e0 caract\u00e8re personnel et \u00e0 la libre circulation de ces donn\u00e9es) et sont sous la responsabilit\u00e9 de :\u2028BRUSSELS GREENBIZZ SA\u2028Rue Dieudonn\u00e9 Lef\u00e8vre 17\u20281020 Bruxelles\u2028Belgique\u2028N\u00b0 d\u2019entreprise : 0542.552.078.\u2028T\u00e9l : +32 23 33 81 00\u2028Email : privacy@greenbizz.brussels<br \/>Vous trouverez ci-dessous les d\u00e9tails des traitements de donn\u00e9es que nous sommes susceptibles d\u2019effectuer.<\/p>\n<p>B. CATEGORIES DE DONNEES<br \/>Dans le cadre de nos activit\u00e9s, nous pouvons r\u00e9colter les donn\u00e9es suivantes :<br \/>\u2013 Donn\u00e9es d\u2019identification\u2028\u2013 Donn\u00e9es professionnelles\u2028\u2013 Donn\u00e9es bancaires\u2028\u2013 Donn\u00e9es marketing comportementales<\/p>\n<p>C. FINALITES DU TRAITEMENT<br \/>1) Pour les donn\u00e9es d\u2019identification<br \/>Vos donn\u00e9es d\u2019identification nous permettent de vous communiquer des informations sur les services prest\u00e9s ou susceptibles de vous int\u00e9resser ainsi que sur les \u00e9v\u00e9nements des incubateurs publics de la R\u00e9gion Bruxelles-Capitale (https:\/\/incubators.brussels\/incubateurs).<br \/>2) Pour les donn\u00e9es professionnelles<br \/>Vos donn\u00e9es professionnelles sont utilis\u00e9es uniquement dans le cadre de notre relation d\u2019affaires notamment pour des services de coaching et de formation.<br \/>3) Pour les donn\u00e9es bancaires<br \/>Si vous nous communiquez des donn\u00e9es bancaires, celles-ci seront exclusivement utilis\u00e9es pour les services prest\u00e9s.<br \/>4) Pour les donn\u00e9es marketing comportementales<br \/>Ces donn\u00e9es marketing comportementales nous permettent de mieux conna\u00eetre votre profil et vos habitudes et ainsi d\u2019anticiper vos besoins.<\/p>\n<p>D. COOKIES<br \/>Lors de votre visite sur notre site internet, des cookies peuvent \u00eatre plac\u00e9s sur le disque dur de votre ordinateur. Nous utilisons des cookies pour offrir une exp\u00e9rience d\u2019utilisation optimale \u00e0 nos visiteurs r\u00e9guliers.\u2028Pour plus d\u2019informations sur l\u2019utilisation que nous faisons des cookies, nous vous invitons \u00e0 consulter notre Politique des cookies <a href=\"http:\/\/www.greenbizz.brussels\/fr\/privacy\/\">http:\/\/www.greenbizz.brussels\/fr\/privacy\/<\/a><\/p>\n<p>E. DESTINATAIRES DES DONNEES<br \/>Vos donn\u00e9es d\u2019identification et comportementales sont susceptibles d\u2019\u00eatre communiqu\u00e9es aux autres incubateurs publics de la R\u00e9gion de Bruxelles-Capitale (https:\/\/incubators.brussels\/incubateurs).<br \/>De plus, afin d\u2019optimiser la qualit\u00e9 et la pertinence de nos services, nous sommes susceptibles de faire appel -pour certaines activit\u00e9s- \u00e0 des partenaires sp\u00e9cialis\u00e9s dans leur domaine (notamment coaching, formation, communication, gestion de notre site internet, activit\u00e9s sur les m\u00e9dias sociaux).<br \/>Nous s\u00e9lectionnons avec soin tous nos sous-traitants de donn\u00e9es et veillons \u00e0 ce qu\u2019ils respectent le m\u00eame niveau d\u2019exigence en mati\u00e8re de protection des donn\u00e9es \u00e0 caract\u00e8re personnel que celui que nous vous offrons (y compris si nos sous-traitants sont situ\u00e9s en dehors de l\u2019Union Europ\u00e9enne). Nous conservons en interne un registre dans lequel tous nos sous-traitants de donn\u00e9es sont r\u00e9pertori\u00e9s. Si n\u00e9cessaire, nous pouvons vous communiquer des informations sur nos cat\u00e9gories de sous-traitants. Pour ce faire, il vous suffit d\u2019envoyer un email \u00e0 l\u2019adresse suivante : privacy@greenbizz.brussels .<br \/>A cet effet, nous imposons \u00e0 chacun de nos sous-traitants des obligations en mati\u00e8re de protection des donn\u00e9es \u00e0 caract\u00e8re personnel.<br \/>En tout \u00e9tat de cause, vos donn\u00e9es ne seront jamais vendues.<\/p>\n<p>F. DROIT A L\u2019IMAGE<br \/>Dans le cadre de nos activit\u00e9s, des vid\u00e9os ou photos (cibl\u00e9es ou non) peuvent \u00eatre prises. Sauf contrordre de votre part, nous consid\u00e9rons que vous consentez \u00e0 ces prises de vue et \u00e0 la publication de celles-ci sur les sites internet des incubateurs publics de la R\u00e9gion de Bruxelles-Capitale (https:\/\/incubators.brussels\/incubateurs) et sur leurs autres moyens de communication.<\/p>\n<p>G. DUREE DE CONSERVATION<br \/>Vos donn\u00e9es sont conserv\u00e9es uniquement le temps n\u00e9cessaire; c\u2019est-\u00e0-dire :<br \/>\u2013 lorsque vous manifestez de l\u2019int\u00e9r\u00eat pour nos services : vos donn\u00e9es seront supprim\u00e9es 3 ans \u00e0 compter du 31 d\u00e9cembre qui suit votre absence de r\u00e9action \u00e0 nos messages.\u2028\u2013 lorsque nous prestons de services : vos donn\u00e9es seront supprim\u00e9es au plus tard 10 ans \u00e0 compter du 31 d\u00e9cembre qui suit la fin de notre relation contractuelle \u00e0 l\u2019exception de vos donn\u00e9es d\u2019identification que nous conserverons pour le maintien d\u2019un r\u00e9seau d\u2019alumni<\/p>\n<p>H. MISE A JOUR DES DONNEES<br \/>Dans un souci de mise \u00e0 jour de notre base de donn\u00e9es, nous nous engageons \u00e0 effacer ou rectifier toute donn\u00e9e qui vous concerne et qui s\u2019av\u00e8rerait \u00eatre inexacte.<\/p>\n<p>I. PROTECTION DES DONNEES<br \/>Nous vous garantissons que toutes les mesures techniques, organisationnelles et humaines (pare-feux, mots de passe personnels, syst\u00e8me de v\u00e9rification, acc\u00e8s limit\u00e9 aux fichiers \u2026) sont prises pour veiller \u00e0 la protection de vos donn\u00e9es (notamment contre la perte, l\u2019abus, l\u2019acc\u00e8s, la modification et la destruction non autoris\u00e9s).<br \/>Le mode de stockage ainsi que les mesures de s\u00e9curit\u00e9 et de confidentialit\u00e9 de vos donn\u00e9es sont pr\u00e9cis\u00e9es dans un registre des activit\u00e9s de traitement que nous \u00e9laborons et conservons en interne.<br \/>En cas de violation de vos donn\u00e9es \u00e0 caract\u00e8re personnel, nous nous engageons \u00e0 en notifier si justifi\u00e9 l\u2019Autorit\u00e9 de protection des donn\u00e9es, dans les meilleurs d\u00e9lais et, si possible, 72 heures au plus tard apr\u00e8s en avoir pris connaissance.<br \/>Il va de soi que vous demeurez toutefois seuls responsables de la s\u00e9curit\u00e9 et de la confidentialit\u00e9 de vos donn\u00e9es de connexion (identifiant, mot de passe, etc).<br \/>En cas de vol ou d\u2019abus de vos donn\u00e9es de connexion, nous vous prions de bien vouloir nous en informer imm\u00e9diatement par e-mail \u00e0 l\u2019adresse suivante : privacy@greenbizz.brussels .<\/p>\n<p>J. VOS DROITS<br \/>A tout moment et gratuitement, vous avez la possibilit\u00e9 de demander :<br \/>\u2013 l\u2019acc\u00e8s \u00e0 vos donn\u00e9es et de r\u00e9cup\u00e9rer celles-ci sous forme de copie (facilement utilisable et permettant la portabilit\u00e9 des donn\u00e9es) ;\u2028\u2013 l\u2019effacement de vos donn\u00e9es ;\u2028\u2013 la modification de vos donn\u00e9es inexactes ou incompl\u00e8tes ;\u2028\u2013 la limitation de l\u2019usage limit\u00e9 de vos donn\u00e9es ;\u2028\u2013 \u00e0 ce que vos donn\u00e9es ne fassent pas l\u2019objet d\u2019un traitement (opposition).<br \/>Pour ce faire, il vous suffit d\u2019envoyer un email \u00e0 l\u2019adresse suivante : privacy@greenbizz.brussels .<br \/>Votre demande sera trait\u00e9e dans les meilleurs d\u00e9lais et en tout \u00e9tat de cause dans un d\u00e9lai d\u2019un mois \u00e0 compter de la r\u00e9ception de votre demande.<br \/>Conform\u00e9ment \u00e0 la l\u00e9gislation, vous avez le droit d\u2019introduire une plainte aupr\u00e8s de l\u2019Autorit\u00e9 de Protection des Donn\u00e9es (https:\/\/www.autoriteprotectiondonnees.be) si vous consid\u00e9rez que le traitement de vos donn\u00e9es est ill\u00e9gal.<\/p>\n<p>K. QUESTIONS<br \/>Nous sommes bien entendu \u00e0 votre disposition si vous avez des questions sur notre politique de respect de la vie priv\u00e9e. Il vous suffit pour cela de nous envoyer un email \u00e0 l\u2019adresse suivante : privacy@greenbizz.brussels .<\/p>\n<p>L. MODIFICATIONS<br \/>Comme toute politique, le contenu de notre Politique Vie Priv\u00e9e a vocation \u00e0 \u00e9voluer. Vous pouvez consulter la derni\u00e8re version de celle-ci sur notre site Internet : http:\/\/www.greenbizz.brussels\/fr\/<br \/>Date de la derni\u00e8re modification\u00a0: 31\/07\/2019<\/p>\n<p>[\/et_pb_text][\/et_pb_column][\/et_pb_row][\/et_pb_section]<\/p>\n","protected":false},"excerpt":{"rendered":"<p>La protection de votre vie priv\u00e9e est une priorit\u00e9 pour nous. \u00c0 cet \u00e9gard, nous nous engageons \u00e0 prot\u00e9ger les donn\u00e9es personnelles de nos utilisateurs en ligne et \u00e0 les traiter avec le plus grand soin, conform\u00e9ment \u00e0 la l\u00e9gislation en vigueur. Informations g\u00e9n\u00e9rales Nous utilisons Fathom, un outil d&#8217;analyse de site web ax\u00e9 sur [&hellip;]<\/p>\n","protected":false},"author":2,"featured_media":0,"parent":0,"menu_order":0,"comment_status":"closed","ping_status":"closed","template":"","meta":{"_et_pb_use_builder":"on","_et_pb_old_content":"","_et_gb_content_width":"","inline_featured_image":false,"footnotes":""},"class_list":["post-2929","page","type-page","status-publish","hentry"],"yoast_head":"<!-- This site is optimized with the Yoast SEO plugin v21.3 - https:\/\/yoast.com\/wordpress\/plugins\/seo\/ -->\n<title>Charte vie priv\u00e9e et cookies - Greenbizz<\/title>\n<meta name=\"robots\" content=\"index, follow, max-snippet:-1, max-image-preview:large, max-video-preview:-1\" \/>\n<link rel=\"canonical\" href=\"https:\/\/greenbizz.brussels\/fr\/privacy\/\" \/>\n<meta property=\"og:locale\" content=\"fr_FR\" \/>\n<meta property=\"og:type\" content=\"article\" \/>\n<meta property=\"og:title\" content=\"Charte vie priv\u00e9e et cookies - Greenbizz\" \/>\n<meta property=\"og:description\" content=\"La protection de votre vie priv\u00e9e est une priorit\u00e9 pour nous. \u00c0 cet \u00e9gard, nous nous engageons \u00e0 prot\u00e9ger les donn\u00e9es personnelles de nos utilisateurs en ligne et \u00e0 les traiter avec le plus grand soin, conform\u00e9ment \u00e0 la l\u00e9gislation en vigueur. Informations g\u00e9n\u00e9rales Nous utilisons Fathom, un outil d&#039;analyse de site web ax\u00e9 sur [&hellip;]\" \/>\n<meta property=\"og:url\" content=\"https:\/\/greenbizz.brussels\/fr\/privacy\/\" \/>\n<meta property=\"og:site_name\" content=\"Greenbizz\" \/>\n<meta property=\"article:publisher\" content=\"https:\/\/www.facebook.com\/greenbizzbrussels\/\" \/>\n<meta property=\"article:modified_time\" content=\"2023-09-21T11:49:00+00:00\" \/>\n<meta name=\"twitter:card\" content=\"summary_large_image\" \/>\n<meta name=\"twitter:label1\" content=\"Dur\u00e9e de lecture estim\u00e9e\" \/>\n\t<meta name=\"twitter:data1\" content=\"10 minutes\" \/>\n<script type=\"application\/ld+json\" class=\"yoast-schema-graph\">{\"@context\":\"https:\/\/schema.org\",\"@graph\":[{\"@type\":\"WebPage\",\"@id\":\"https:\/\/greenbizz.brussels\/fr\/privacy\/\",\"url\":\"https:\/\/greenbizz.brussels\/fr\/privacy\/\",\"name\":\"Charte vie priv\u00e9e et cookies - Greenbizz\",\"isPartOf\":{\"@id\":\"https:\/\/greenbizz.brussels\/fr\/#website\"},\"datePublished\":\"2023-05-30T10:46:04+00:00\",\"dateModified\":\"2023-09-21T11:49:00+00:00\",\"breadcrumb\":{\"@id\":\"https:\/\/greenbizz.brussels\/fr\/privacy\/#breadcrumb\"},\"inLanguage\":\"fr-FR\",\"potentialAction\":[{\"@type\":\"ReadAction\",\"target\":[\"https:\/\/greenbizz.brussels\/fr\/privacy\/\"]}]},{\"@type\":\"BreadcrumbList\",\"@id\":\"https:\/\/greenbizz.brussels\/fr\/privacy\/#breadcrumb\",\"itemListElement\":[{\"@type\":\"ListItem\",\"position\":1,\"name\":\"Accueil\",\"item\":\"https:\/\/greenbizz.brussels\/fr\/\"},{\"@type\":\"ListItem\",\"position\":2,\"name\":\"Charte vie priv\u00e9e et cookies\"}]},{\"@type\":\"WebSite\",\"@id\":\"https:\/\/greenbizz.brussels\/fr\/#website\",\"url\":\"https:\/\/greenbizz.brussels\/fr\/\",\"name\":\"Greenbizz \u2013 le All-in-One pour ton initiative durable\",\"description\":\"Where sustainable business grows\",\"publisher\":{\"@id\":\"https:\/\/greenbizz.brussels\/fr\/#organization\"},\"potentialAction\":[{\"@type\":\"SearchAction\",\"target\":{\"@type\":\"EntryPoint\",\"urlTemplate\":\"https:\/\/greenbizz.brussels\/fr\/?s={search_term_string}\"},\"query-input\":\"required name=search_term_string\"}],\"inLanguage\":\"fr-FR\"},{\"@type\":\"Organization\",\"@id\":\"https:\/\/greenbizz.brussels\/fr\/#organization\",\"name\":\"Greenbizz.brussels\",\"url\":\"https:\/\/greenbizz.brussels\/fr\/\",\"logo\":{\"@type\":\"ImageObject\",\"inLanguage\":\"fr-FR\",\"@id\":\"https:\/\/greenbizz.brussels\/fr\/#\/schema\/logo\/image\/\",\"url\":\"https:\/\/greenbizz.brussels\/wp-content\/uploads\/2023\/05\/GREENBIZZ_SVG.svg\",\"contentUrl\":\"https:\/\/greenbizz.brussels\/wp-content\/uploads\/2023\/05\/GREENBIZZ_SVG.svg\",\"width\":\"1024\",\"height\":\"1024\",\"caption\":\"Greenbizz.brussels\"},\"image\":{\"@id\":\"https:\/\/greenbizz.brussels\/fr\/#\/schema\/logo\/image\/\"},\"sameAs\":[\"https:\/\/www.facebook.com\/greenbizzbrussels\/\",\"https:\/\/www.instagram.com\/greenbizz.brussels\/\"]}]}<\/script>\n<!-- \/ Yoast SEO plugin. -->","yoast_head_json":{"title":"Charte vie priv\u00e9e et cookies - Greenbizz","robots":{"index":"index","follow":"follow","max-snippet":"max-snippet:-1","max-image-preview":"max-image-preview:large","max-video-preview":"max-video-preview:-1"},"canonical":"https:\/\/greenbizz.brussels\/fr\/privacy\/","og_locale":"fr_FR","og_type":"article","og_title":"Charte vie priv\u00e9e et cookies - Greenbizz","og_description":"La protection de votre vie priv\u00e9e est une priorit\u00e9 pour nous. \u00c0 cet \u00e9gard, nous nous engageons \u00e0 prot\u00e9ger les donn\u00e9es personnelles de nos utilisateurs en ligne et \u00e0 les traiter avec le plus grand soin, conform\u00e9ment \u00e0 la l\u00e9gislation en vigueur. Informations g\u00e9n\u00e9rales Nous utilisons Fathom, un outil d'analyse de site web ax\u00e9 sur [&hellip;]","og_url":"https:\/\/greenbizz.brussels\/fr\/privacy\/","og_site_name":"Greenbizz","article_publisher":"https:\/\/www.facebook.com\/greenbizzbrussels\/","article_modified_time":"2023-09-21T11:49:00+00:00","twitter_card":"summary_large_image","twitter_misc":{"Dur\u00e9e de lecture estim\u00e9e":"10 minutes"},"schema":{"@context":"https:\/\/schema.org","@graph":[{"@type":"WebPage","@id":"https:\/\/greenbizz.brussels\/fr\/privacy\/","url":"https:\/\/greenbizz.brussels\/fr\/privacy\/","name":"Charte vie priv\u00e9e et cookies - Greenbizz","isPartOf":{"@id":"https:\/\/greenbizz.brussels\/fr\/#website"},"datePublished":"2023-05-30T10:46:04+00:00","dateModified":"2023-09-21T11:49:00+00:00","breadcrumb":{"@id":"https:\/\/greenbizz.brussels\/fr\/privacy\/#breadcrumb"},"inLanguage":"fr-FR","potentialAction":[{"@type":"ReadAction","target":["https:\/\/greenbizz.brussels\/fr\/privacy\/"]}]},{"@type":"BreadcrumbList","@id":"https:\/\/greenbizz.brussels\/fr\/privacy\/#breadcrumb","itemListElement":[{"@type":"ListItem","position":1,"name":"Accueil","item":"https:\/\/greenbizz.brussels\/fr\/"},{"@type":"ListItem","position":2,"name":"Charte vie priv\u00e9e et cookies"}]},{"@type":"WebSite","@id":"https:\/\/greenbizz.brussels\/fr\/#website","url":"https:\/\/greenbizz.brussels\/fr\/","name":"Greenbizz \u2013 le All-in-One pour ton initiative durable","description":"Where sustainable business grows","publisher":{"@id":"https:\/\/greenbizz.brussels\/fr\/#organization"},"potentialAction":[{"@type":"SearchAction","target":{"@type":"EntryPoint","urlTemplate":"https:\/\/greenbizz.brussels\/fr\/?s={search_term_string}"},"query-input":"required name=search_term_string"}],"inLanguage":"fr-FR"},{"@type":"Organization","@id":"https:\/\/greenbizz.brussels\/fr\/#organization","name":"Greenbizz.brussels","url":"https:\/\/greenbizz.brussels\/fr\/","logo":{"@type":"ImageObject","inLanguage":"fr-FR","@id":"https:\/\/greenbizz.brussels\/fr\/#\/schema\/logo\/image\/","url":"https:\/\/greenbizz.brussels\/wp-content\/uploads\/2023\/05\/GREENBIZZ_SVG.svg","contentUrl":"https:\/\/greenbizz.brussels\/wp-content\/uploads\/2023\/05\/GREENBIZZ_SVG.svg","width":"1024","height":"1024","caption":"Greenbizz.brussels"},"image":{"@id":"https:\/\/greenbizz.brussels\/fr\/#\/schema\/logo\/image\/"},"sameAs":["https:\/\/www.facebook.com\/greenbizzbrussels\/","https:\/\/www.instagram.com\/greenbizz.brussels\/"]}]}},"_links":{"self":[{"href":"https:\/\/greenbizz.brussels\/fr\/wp-json\/wp\/v2\/pages\/2929","targetHints":{"allow":["GET"]}}],"collection":[{"href":"https:\/\/greenbizz.brussels\/fr\/wp-json\/wp\/v2\/pages"}],"about":[{"href":"https:\/\/greenbizz.brussels\/fr\/wp-json\/wp\/v2\/types\/page"}],"author":[{"embeddable":true,"href":"https:\/\/greenbizz.brussels\/fr\/wp-json\/wp\/v2\/users\/2"}],"replies":[{"embeddable":true,"href":"https:\/\/greenbizz.brussels\/fr\/wp-json\/wp\/v2\/comments?post=2929"}],"version-history":[{"count":4,"href":"https:\/\/greenbizz.brussels\/fr\/wp-json\/wp\/v2\/pages\/2929\/revisions"}],"predecessor-version":[{"id":235973,"href":"https:\/\/greenbizz.brussels\/fr\/wp-json\/wp\/v2\/pages\/2929\/revisions\/235973"}],"wp:attachment":[{"href":"https:\/\/greenbizz.brussels\/fr\/wp-json\/wp\/v2\/media?parent=2929"}],"curies":[{"name":"wp","href":"https:\/\/api.w.org\/{rel}","templated":true}]}}