{"id":222,"date":"2023-05-08T13:15:38","date_gmt":"2023-05-08T11:15:38","guid":{"rendered":"https:\/\/greenbizz.brussels\/?page_id=222"},"modified":"2023-10-23T16:08:07","modified_gmt":"2023-10-23T14:08:07","slug":"prime-coworking","status":"publish","type":"page","link":"https:\/\/greenbizz.brussels\/fr\/prime-coworking\/","title":{"rendered":"Prime coworking"},"content":{"rendered":"<p>[et_pb_section fb_built=&#8221;1&#8243; _builder_version=&#8221;4.20.4&#8243; _module_preset=&#8221;default&#8221; background_color=&#8221;#fbf9f6&#8243; background_image=&#8221;https:\/\/greenbizz.brussels\/wp-content\/uploads\/2023\/05\/Group-39517.svg&#8221; global_colors_info=&#8221;{}&#8221;][et_pb_row column_structure=&#8221;1_2,1_2&#8243; _builder_version=&#8221;4.20.4&#8243; _module_preset=&#8221;default&#8221; custom_margin=&#8221;100px||||false|false&#8221; global_colors_info=&#8221;{}&#8221;][et_pb_column type=&#8221;1_2&#8243; _builder_version=&#8221;4.20.4&#8243; _module_preset=&#8221;default&#8221; global_colors_info=&#8221;{}&#8221;][et_pb_text _builder_version=&#8221;4.21.0&#8243; _module_preset=&#8221;default&#8221; header_font_size=&#8221;56px&#8221; custom_margin=&#8221;164px||||false|false&#8221; header_font_size_tablet=&#8221;56px&#8221; header_font_size_phone=&#8221;32px&#8221; header_font_size_last_edited=&#8221;on|phone&#8221; global_colors_info=&#8221;{}&#8221;]<\/p>\n<h1><span style=\"color: #023627;\"><strong>Prime coworking<\/strong><\/span><\/h1>\n<p>[\/et_pb_text][\/et_pb_column][et_pb_column type=&#8221;1_2&#8243; _builder_version=&#8221;4.20.4&#8243; _module_preset=&#8221;default&#8221; global_colors_info=&#8221;{}&#8221;][et_pb_image src=&#8221;https:\/\/greenbizz.brussels\/wp-content\/uploads\/2023\/05\/Coworking.jpg&#8221; title_text=&#8221;Coworking&#8221; _builder_version=&#8221;4.21.0&#8243; _module_preset=&#8221;default&#8221; module_alignment=&#8221;center&#8221; border_radii=&#8221;on|16px|16px|16px|16px&#8221; global_colors_info=&#8221;{}&#8221;][\/et_pb_image][\/et_pb_column][\/et_pb_row][\/et_pb_section][et_pb_section fb_built=&#8221;1&#8243; _builder_version=&#8221;4.20.4&#8243; _module_preset=&#8221;default&#8221; background_color=&#8221;#fbf9f6&#8243; custom_padding=&#8221;||32px|||&#8221; locked=&#8221;off&#8221; global_colors_info=&#8221;{}&#8221;][et_pb_row column_structure=&#8221;1_2,1_2&#8243; use_custom_gutter=&#8221;on&#8221; gutter_width=&#8221;2&#8243; make_equal=&#8221;on&#8221; _builder_version=&#8221;4.20.4&#8243; _module_preset=&#8221;default&#8221; custom_margin=&#8221;1px||||false|false&#8221; global_colors_info=&#8221;{}&#8221;][et_pb_column type=&#8221;1_2&#8243; _builder_version=&#8221;4.20.4&#8243; _module_preset=&#8221;default&#8221; global_colors_info=&#8221;{}&#8221;][et_pb_text _builder_version=&#8221;4.21.0&#8243; _module_preset=&#8221;default&#8221; custom_margin=&#8221;||19px|||&#8221; header_4_font_size_tablet=&#8221;&#8221; header_4_font_size_phone=&#8221;32px&#8221; header_4_font_size_last_edited=&#8221;on|phone&#8221; global_colors_info=&#8221;{}&#8221;]<\/p>\n<h4><span style=\"color: #023627;\">Conditions d\u2019\u00e9ligibilit\u00e9<\/span><\/h4>\n<p>[\/et_pb_text][et_pb_text _builder_version=&#8221;4.22.2&#8243; _module_preset=&#8221;default&#8221; text_font_size=&#8221;18px&#8221; custom_margin=&#8221;32px||16px||false|false&#8221; hover_enabled=&#8221;0&#8243; global_colors_info=&#8221;{}&#8221; sticky_enabled=&#8221;0&#8243;]<\/p>\n<div class=\"page\" title=\"Page 1\">\n<div class=\"layoutArea\">\n<div class=\"column\">\n<p>Le coworking de Greenbizz est de\u0301sormais agre\u0301e\u0301 par Bruxelles Economie et Emploi. En tant que coworker, vous pouvez be\u0301ne\u0301ficier d\u2019une prime s\u2019e\u0301levant jusqu\u2019a\u0300 450 \u20ac !<\/p>\n<\/div>\n<\/div>\n<\/div>\n<p>[\/et_pb_text][et_pb_text _builder_version=&#8221;4.22.2&#8243; _module_preset=&#8221;default&#8221; text_text_color=&#8221;#281756&#8243; text_font_size=&#8221;18px&#8221; custom_margin=&#8221;64px||||false|false&#8221; custom_padding=&#8221;|0px|||false|false&#8221; hover_enabled=&#8221;0&#8243; global_colors_info=&#8221;{}&#8221; sticky_enabled=&#8221;0&#8243;]<\/p>\n<p><img loading=\"lazy\" decoding=\"async\" class=\"wp-image-733 alignnone size-medium\" src=\"https:\/\/greenbizz.brussels\/wp-content\/uploads\/2023\/05\/Frame-47914.svg\" alt=\"\" width=\"32\" height=\"23\" \/> Pour les particuliers domicilie\u0301s en Re\u0301gion de Bruxelles-Capitale qui ont un projet de cre\u0301ation ou de reprise d\u2019entreprise et qui envisagent d\u2019exercer une activite\u0301.<\/p>\n<p><img loading=\"lazy\" decoding=\"async\" class=\"wp-image-733 alignnone size-medium\" src=\"https:\/\/greenbizz.brussels\/wp-content\/uploads\/2023\/05\/Frame-47914.svg\" alt=\"\" width=\"32\" height=\"23\" \/> Pour les micro-entreprises situe\u0301es en Re\u0301gion de Bruxelles-Capitale, inscrites depuis moins de trois ans a\u0300 la Banque-Carrefour des Entreprises.<\/p>\n<p>[\/et_pb_text][\/et_pb_column][et_pb_column type=&#8221;1_2&#8243; _builder_version=&#8221;4.20.4&#8243; _module_preset=&#8221;default&#8221; global_colors_info=&#8221;{}&#8221;][et_pb_gallery gallery_ids=&#8221;263,264&#8243; orientation=&#8221;portrait&#8221; show_title_and_caption=&#8221;off&#8221; show_pagination=&#8221;off&#8221; _builder_version=&#8221;4.21.0&#8243; _module_preset=&#8221;default&#8221; custom_margin=&#8221;||||false|false&#8221; global_colors_info=&#8221;{}&#8221;][\/et_pb_gallery][\/et_pb_column][\/et_pb_row][\/et_pb_section][et_pb_section fb_built=&#8221;1&#8243; _builder_version=&#8221;4.20.4&#8243; _module_preset=&#8221;default&#8221; background_color=&#8221;#fbf9f6&#8243; custom_padding=&#8221;2px||3px|||&#8221; global_colors_info=&#8221;{}&#8221;][et_pb_row _builder_version=&#8221;4.20.4&#8243; _module_preset=&#8221;default&#8221; custom_padding=&#8221;||32px|||&#8221; global_colors_info=&#8221;{}&#8221;][et_pb_column type=&#8221;4_4&#8243; _builder_version=&#8221;4.20.4&#8243; _module_preset=&#8221;default&#8221; global_colors_info=&#8221;{}&#8221;][et_pb_text _builder_version=&#8221;4.21.0&#8243; _module_preset=&#8221;default&#8221; header_4_font_size=&#8221;32px&#8221; custom_margin=&#8221;||||false|false&#8221; header_4_font_size_tablet=&#8221;32px&#8221; header_4_font_size_phone=&#8221;24px&#8221; header_4_font_size_last_edited=&#8221;on|phone&#8221; global_colors_info=&#8221;{}&#8221;]<\/p>\n<h4 style=\"text-align: center;\"><span style=\"color: #023627;\"><strong>Remplissez le formulaire de demande et les annexes demand\u00e9es au plus tard trois mois apr\u00e8s avoir sign\u00e9 la convention.<\/strong><\/span><\/h4>\n<p>[\/et_pb_text][\/et_pb_column][\/et_pb_row][et_pb_row column_structure=&#8221;1_2,1_2&#8243; _builder_version=&#8221;4.21.0&#8243; _module_preset=&#8221;default&#8221; custom_padding=&#8221;0px|||||&#8221; locked=&#8221;off&#8221; global_colors_info=&#8221;{}&#8221;][et_pb_column type=&#8221;1_2&#8243; _builder_version=&#8221;4.21.0&#8243; _module_preset=&#8221;default&#8221; global_colors_info=&#8221;{}&#8221;][et_pb_button button_url=&#8221;https:\/\/economie-emploi.brussels\/primes-secteurs&#8221; url_new_window=&#8221;on&#8221; button_text=&#8221;Particuliers&#8221; button_alignment=&#8221;right&#8221; _builder_version=&#8221;4.21.2&#8243; _module_preset=&#8221;c2dfc2e9-f295-40fd-a636-b4f7cc29b26d&#8221; button_icon=&#8221;&#xf35d;||fa||900&#8243; global_colors_info=&#8221;{}&#8221;][\/et_pb_button][\/et_pb_column][et_pb_column type=&#8221;1_2&#8243; _builder_version=&#8221;4.20.4&#8243; _module_preset=&#8221;default&#8221; global_colors_info=&#8221;{}&#8221;][et_pb_button button_url=&#8221;https:\/\/mybee.brussels\/#\/subsidies\/new\/71&#8243; url_new_window=&#8221;on&#8221; button_text=&#8221;Micro-entreprises&#8221; _builder_version=&#8221;4.21.2&#8243; _module_preset=&#8221;c2dfc2e9-f295-40fd-a636-b4f7cc29b26d&#8221; button_text_color=&#8221;#FAF5F2&#8243; button_bg_color=&#8221;#077253&#8243; button_icon=&#8221;&#xf35d;||fa||900&#8243; global_colors_info=&#8221;{}&#8221;][\/et_pb_button][\/et_pb_column][\/et_pb_row][\/et_pb_section]<\/p>\n","protected":false},"excerpt":{"rendered":"<p>Prime coworkingConditions d\u2019\u00e9ligibilit\u00e9 Le coworking de Greenbizz est de\u0301sormais agre\u0301e\u0301 par Bruxelles Economie et Emploi. En tant que coworker, vous pouvez be\u0301ne\u0301ficier d\u2019une prime s\u2019e\u0301levant jusqu\u2019a\u0300 450 \u20ac ! Pour les particuliers domicilie\u0301s en Re\u0301gion de Bruxelles-Capitale qui ont un projet de cre\u0301ation ou de reprise d\u2019entreprise et qui envisagent d\u2019exercer une activite\u0301. Pour les [&hellip;]<\/p>\n","protected":false},"author":1,"featured_media":5587,"parent":0,"menu_order":0,"comment_status":"closed","ping_status":"closed","template":"","meta":{"_et_pb_use_builder":"on","_et_pb_old_content":"<!-- wp:divi\/placeholder \/-->","_et_gb_content_width":"","inline_featured_image":false,"footnotes":""},"class_list":["post-222","page","type-page","status-publish","has-post-thumbnail","hentry"],"yoast_head":"<!-- This site is optimized with the Yoast SEO plugin v21.3 - https:\/\/yoast.com\/wordpress\/plugins\/seo\/ -->\n<title>Prime coworking - Greenbizz Where sustainable business grows<\/title>\n<meta name=\"robots\" content=\"index, follow, max-snippet:-1, max-image-preview:large, max-video-preview:-1\" \/>\n<link rel=\"canonical\" href=\"https:\/\/greenbizz.brussels\/fr\/prime-coworking\/\" \/>\n<meta property=\"og:locale\" content=\"fr_FR\" \/>\n<meta property=\"og:type\" content=\"article\" \/>\n<meta property=\"og:title\" content=\"Prime coworking - Greenbizz Where sustainable business grows\" \/>\n<meta property=\"og:description\" content=\"Prime coworkingConditions d\u2019\u00e9ligibilit\u00e9 Le coworking de Greenbizz est de\u0301sormais agre\u0301e\u0301 par Bruxelles Economie et Emploi. En tant que coworker, vous pouvez be\u0301ne\u0301ficier d\u2019une prime s\u2019e\u0301levant jusqu\u2019a\u0300 450 \u20ac ! Pour les particuliers domicilie\u0301s en Re\u0301gion de Bruxelles-Capitale qui ont un projet de cre\u0301ation ou de reprise d\u2019entreprise et qui envisagent d\u2019exercer une activite\u0301. Pour les [&hellip;]\" \/>\n<meta property=\"og:url\" content=\"https:\/\/greenbizz.brussels\/fr\/prime-coworking\/\" \/>\n<meta property=\"og:site_name\" content=\"Greenbizz\" \/>\n<meta property=\"article:publisher\" content=\"https:\/\/www.facebook.com\/greenbizzbrussels\/\" \/>\n<meta property=\"article:modified_time\" content=\"2023-10-23T14:08:07+00:00\" \/>\n<meta property=\"og:image\" content=\"https:\/\/greenbizz.brussels\/wp-content\/uploads\/2023\/05\/Coworking-1.jpg\" \/>\n\t<meta property=\"og:image:width\" content=\"500\" \/>\n\t<meta property=\"og:image:height\" content=\"334\" \/>\n\t<meta property=\"og:image:type\" content=\"image\/jpeg\" \/>\n<meta name=\"twitter:card\" content=\"summary_large_image\" \/>\n<meta name=\"twitter:label1\" content=\"Dur\u00e9e de lecture estim\u00e9e\" \/>\n\t<meta name=\"twitter:data1\" content=\"2 minutes\" \/>\n<script type=\"application\/ld+json\" class=\"yoast-schema-graph\">{\"@context\":\"https:\/\/schema.org\",\"@graph\":[{\"@type\":\"WebPage\",\"@id\":\"https:\/\/greenbizz.brussels\/fr\/prime-coworking\/\",\"url\":\"https:\/\/greenbizz.brussels\/fr\/prime-coworking\/\",\"name\":\"Prime coworking - Greenbizz Where sustainable business grows\",\"isPartOf\":{\"@id\":\"https:\/\/greenbizz.brussels\/fr\/#website\"},\"datePublished\":\"2023-05-08T11:15:38+00:00\",\"dateModified\":\"2023-10-23T14:08:07+00:00\",\"breadcrumb\":{\"@id\":\"https:\/\/greenbizz.brussels\/fr\/prime-coworking\/#breadcrumb\"},\"inLanguage\":\"fr-FR\",\"potentialAction\":[{\"@type\":\"ReadAction\",\"target\":[\"https:\/\/greenbizz.brussels\/fr\/prime-coworking\/\"]}]},{\"@type\":\"BreadcrumbList\",\"@id\":\"https:\/\/greenbizz.brussels\/fr\/prime-coworking\/#breadcrumb\",\"itemListElement\":[{\"@type\":\"ListItem\",\"position\":1,\"name\":\"Accueil\",\"item\":\"https:\/\/greenbizz.brussels\/fr\/\"},{\"@type\":\"ListItem\",\"position\":2,\"name\":\"Prime coworking\"}]},{\"@type\":\"WebSite\",\"@id\":\"https:\/\/greenbizz.brussels\/fr\/#website\",\"url\":\"https:\/\/greenbizz.brussels\/fr\/\",\"name\":\"Greenbizz \u2013 le All-in-One pour ton initiative durable\",\"description\":\"Where sustainable business grows\",\"publisher\":{\"@id\":\"https:\/\/greenbizz.brussels\/fr\/#organization\"},\"potentialAction\":[{\"@type\":\"SearchAction\",\"target\":{\"@type\":\"EntryPoint\",\"urlTemplate\":\"https:\/\/greenbizz.brussels\/fr\/?s={search_term_string}\"},\"query-input\":\"required name=search_term_string\"}],\"inLanguage\":\"fr-FR\"},{\"@type\":\"Organization\",\"@id\":\"https:\/\/greenbizz.brussels\/fr\/#organization\",\"name\":\"Greenbizz.brussels\",\"url\":\"https:\/\/greenbizz.brussels\/fr\/\",\"logo\":{\"@type\":\"ImageObject\",\"inLanguage\":\"fr-FR\",\"@id\":\"https:\/\/greenbizz.brussels\/fr\/#\/schema\/logo\/image\/\",\"url\":\"https:\/\/greenbizz.brussels\/wp-content\/uploads\/2023\/05\/GREENBIZZ_SVG.svg\",\"contentUrl\":\"https:\/\/greenbizz.brussels\/wp-content\/uploads\/2023\/05\/GREENBIZZ_SVG.svg\",\"width\":\"1024\",\"height\":\"1024\",\"caption\":\"Greenbizz.brussels\"},\"image\":{\"@id\":\"https:\/\/greenbizz.brussels\/fr\/#\/schema\/logo\/image\/\"},\"sameAs\":[\"https:\/\/www.facebook.com\/greenbizzbrussels\/\",\"https:\/\/www.instagram.com\/greenbizz.brussels\/\"]}]}<\/script>\n<!-- \/ Yoast SEO plugin. -->","yoast_head_json":{"title":"Prime coworking - Greenbizz Where sustainable business grows","robots":{"index":"index","follow":"follow","max-snippet":"max-snippet:-1","max-image-preview":"max-image-preview:large","max-video-preview":"max-video-preview:-1"},"canonical":"https:\/\/greenbizz.brussels\/fr\/prime-coworking\/","og_locale":"fr_FR","og_type":"article","og_title":"Prime coworking - Greenbizz Where sustainable business grows","og_description":"Prime coworkingConditions d\u2019\u00e9ligibilit\u00e9 Le coworking de Greenbizz est de\u0301sormais agre\u0301e\u0301 par Bruxelles Economie et Emploi. En tant que coworker, vous pouvez be\u0301ne\u0301ficier d\u2019une prime s\u2019e\u0301levant jusqu\u2019a\u0300 450 \u20ac ! Pour les particuliers domicilie\u0301s en Re\u0301gion de Bruxelles-Capitale qui ont un projet de cre\u0301ation ou de reprise d\u2019entreprise et qui envisagent d\u2019exercer une activite\u0301. Pour les [&hellip;]","og_url":"https:\/\/greenbizz.brussels\/fr\/prime-coworking\/","og_site_name":"Greenbizz","article_publisher":"https:\/\/www.facebook.com\/greenbizzbrussels\/","article_modified_time":"2023-10-23T14:08:07+00:00","og_image":[{"width":500,"height":334,"url":"https:\/\/greenbizz.brussels\/wp-content\/uploads\/2023\/05\/Coworking-1.jpg","type":"image\/jpeg"}],"twitter_card":"summary_large_image","twitter_misc":{"Dur\u00e9e de lecture estim\u00e9e":"2 minutes"},"schema":{"@context":"https:\/\/schema.org","@graph":[{"@type":"WebPage","@id":"https:\/\/greenbizz.brussels\/fr\/prime-coworking\/","url":"https:\/\/greenbizz.brussels\/fr\/prime-coworking\/","name":"Prime coworking - Greenbizz Where sustainable business grows","isPartOf":{"@id":"https:\/\/greenbizz.brussels\/fr\/#website"},"datePublished":"2023-05-08T11:15:38+00:00","dateModified":"2023-10-23T14:08:07+00:00","breadcrumb":{"@id":"https:\/\/greenbizz.brussels\/fr\/prime-coworking\/#breadcrumb"},"inLanguage":"fr-FR","potentialAction":[{"@type":"ReadAction","target":["https:\/\/greenbizz.brussels\/fr\/prime-coworking\/"]}]},{"@type":"BreadcrumbList","@id":"https:\/\/greenbizz.brussels\/fr\/prime-coworking\/#breadcrumb","itemListElement":[{"@type":"ListItem","position":1,"name":"Accueil","item":"https:\/\/greenbizz.brussels\/fr\/"},{"@type":"ListItem","position":2,"name":"Prime coworking"}]},{"@type":"WebSite","@id":"https:\/\/greenbizz.brussels\/fr\/#website","url":"https:\/\/greenbizz.brussels\/fr\/","name":"Greenbizz \u2013 le All-in-One pour ton initiative durable","description":"Where sustainable business grows","publisher":{"@id":"https:\/\/greenbizz.brussels\/fr\/#organization"},"potentialAction":[{"@type":"SearchAction","target":{"@type":"EntryPoint","urlTemplate":"https:\/\/greenbizz.brussels\/fr\/?s={search_term_string}"},"query-input":"required name=search_term_string"}],"inLanguage":"fr-FR"},{"@type":"Organization","@id":"https:\/\/greenbizz.brussels\/fr\/#organization","name":"Greenbizz.brussels","url":"https:\/\/greenbizz.brussels\/fr\/","logo":{"@type":"ImageObject","inLanguage":"fr-FR","@id":"https:\/\/greenbizz.brussels\/fr\/#\/schema\/logo\/image\/","url":"https:\/\/greenbizz.brussels\/wp-content\/uploads\/2023\/05\/GREENBIZZ_SVG.svg","contentUrl":"https:\/\/greenbizz.brussels\/wp-content\/uploads\/2023\/05\/GREENBIZZ_SVG.svg","width":"1024","height":"1024","caption":"Greenbizz.brussels"},"image":{"@id":"https:\/\/greenbizz.brussels\/fr\/#\/schema\/logo\/image\/"},"sameAs":["https:\/\/www.facebook.com\/greenbizzbrussels\/","https:\/\/www.instagram.com\/greenbizz.brussels\/"]}]}},"_links":{"self":[{"href":"https:\/\/greenbizz.brussels\/fr\/wp-json\/wp\/v2\/pages\/222","targetHints":{"allow":["GET"]}}],"collection":[{"href":"https:\/\/greenbizz.brussels\/fr\/wp-json\/wp\/v2\/pages"}],"about":[{"href":"https:\/\/greenbizz.brussels\/fr\/wp-json\/wp\/v2\/types\/page"}],"author":[{"embeddable":true,"href":"https:\/\/greenbizz.brussels\/fr\/wp-json\/wp\/v2\/users\/1"}],"replies":[{"embeddable":true,"href":"https:\/\/greenbizz.brussels\/fr\/wp-json\/wp\/v2\/comments?post=222"}],"version-history":[{"count":1,"href":"https:\/\/greenbizz.brussels\/fr\/wp-json\/wp\/v2\/pages\/222\/revisions"}],"predecessor-version":[{"id":236388,"href":"https:\/\/greenbizz.brussels\/fr\/wp-json\/wp\/v2\/pages\/222\/revisions\/236388"}],"wp:featuredmedia":[{"embeddable":true,"href":"https:\/\/greenbizz.brussels\/fr\/wp-json\/wp\/v2\/media\/5587"}],"wp:attachment":[{"href":"https:\/\/greenbizz.brussels\/fr\/wp-json\/wp\/v2\/media?parent=222"}],"curies":[{"name":"wp","href":"https:\/\/api.w.org\/{rel}","templated":true}]}}